{"id":31,"date":"2020-08-03T11:01:14","date_gmt":"2020-08-03T11:01:14","guid":{"rendered":"http:\/\/frohotoho.de\/?page_id=31"},"modified":"2024-12-02T09:42:20","modified_gmt":"2024-12-02T09:42:20","slug":"kennenlernen","status":"publish","type":"page","link":"https:\/\/frohotoho.de\/?page_id=31","title":{"rendered":"Kennenlernen"},"content":{"rendered":"\n<div class=\"wp-block-group alignfull\"><div class=\"wp-block-group__inner-container is-layout-flow wp-block-group-is-layout-flow\">\n<div class=\"wp-block-group alignwide\"><div class=\"wp-block-group__inner-container is-layout-flow wp-block-group-is-layout-flow\">\n<div class=\"wp-block-media-text alignwide has-media-on-the-right is-stacked-on-mobile\" style=\"grid-template-columns:auto 45%\"><div class=\"wp-block-media-text__content\">\n<p style=\"font-size:14px\">Aufgewachsen im osthessischen Wildeck-H\u00f6nebach, entwickelte Marisa Lin\u00df bereits im Vorschulalter ihre Leidenschaft zum Singen. Innerhalb ihrer zehnj\u00e4hrigen Mitgliedschaft im <a data-type=\"URL\" data-id=\"http:\/\/mso-schulchor.de\" href=\"http:\/\/mso-schulchor.de\">Chor der Modell- und Gesamtschule Obersberg<\/a> sammelte sie vielf\u00e4ltige B\u00fchnenerfahrung im Ensemble- und Sologesang, unter anderem bei den Abschlusskonzerten der Bad Hersfelder Festspiele in der dortigen Stiftsruine. Von 2011-2018 absolvierte Marisa ihre klassische Gesangsausbildung bei <a data-type=\"URL\" data-id=\"http:\/\/www.klassische-gesangsschule.de\" href=\"http:\/\/www.klassische-gesangsschule.de\">Diplom-Gesangsp\u00e4dagogin Ute B\u00fcttner<\/a>, von 2018 bis 2023 erhielt sie Gesangsunterricht bei Diplom-Gesangsp\u00e4dagoge Swen Westfeld. Im Jahr 2016 belegte sie beim Wettbewerb &#8218;Jugend Musiziert&#8216; in der Kategorie Ensemble-Gesang zusammen mit ihrer langj\u00e4hrigen Duettpartnerin Jacqueline Hartwig den zweiten Platz auf Landesebene, 2017 gewann sie in der Kategorie Solo-Gesang den zweiten Preis auf Bundesebene. Seit 2015 ist sie S\u00e4ngerin im bundesweit bekannten Musikprojekt &#8218;<a data-type=\"URL\" data-id=\"http:\/\/www.shiregreen.de\" href=\"http:\/\/www.shiregreen.de\">Shiregreen<\/a>&#8218;. 2020 sang sie im Extrachor des <a data-type=\"URL\" data-id=\"https:\/\/www.theater-essen.de\/oper\/\" href=\"https:\/\/www.theater-essen.de\/oper\/\">Essener Aalto-Theaters<\/a> in den Opern &#8218;Un ballo in maschera&#8216; (Guiseppe Verdi) und &#8218;Faust&#8216; (Charles Gounod). Im Jahr 2024 schloss sie ihr Bachelorstudium in Kommunikationswissenschaft und Germanistik an der Universit\u00e4t Duisburg-Essen ab. Es folgt der Master in Literaturwissenschaft an der Ruhr-Universit\u00e4t Bochum. <\/p>\n<\/div><figure class=\"wp-block-media-text__media\"><img loading=\"lazy\" decoding=\"async\" width=\"683\" height=\"1024\" src=\"http:\/\/frohotoho.de\/wp-content\/uploads\/2020\/08\/Marisa-ROF-683x1024.png\" alt=\"\" class=\"wp-image-237 size-full\" srcset=\"https:\/\/frohotoho.de\/wp-content\/uploads\/2020\/08\/Marisa-ROF-683x1024.png 683w, https:\/\/frohotoho.de\/wp-content\/uploads\/2020\/08\/Marisa-ROF-200x300.png 200w, https:\/\/frohotoho.de\/wp-content\/uploads\/2020\/08\/Marisa-ROF-768x1152.png 768w, https:\/\/frohotoho.de\/wp-content\/uploads\/2020\/08\/Marisa-ROF-1365x2048.png 1365w, https:\/\/frohotoho.de\/wp-content\/uploads\/2020\/08\/Marisa-ROF-740x1110.png 740w, https:\/\/frohotoho.de\/wp-content\/uploads\/2020\/08\/Marisa-ROF-400x600.png 400w\" sizes=\"auto, (max-width: 683px) 100vw, 683px\" \/><\/figure><\/div>\n\n\n\n<hr class=\"wp-block-separator has-css-opacity is-style-dots\"\/>\n<\/div><\/div>\n\n\n\n<div class=\"wp-block-group alignwide\"><div class=\"wp-block-group__inner-container is-layout-flow wp-block-group-is-layout-flow\">\n<div class=\"wp-block-media-text alignwide has-media-on-the-right is-stacked-on-mobile\" style=\"grid-template-columns:auto 45%\"><div class=\"wp-block-media-text__content\">\n<p style=\"font-size:14px\">Musik macht Paul Adamaschek eigentlich schon, seitdem er denken kann. Seit dem sechsten Lebensjahr bekam er klassischen Klavierunterricht im heimischen Rotenburg an der Fulda, mit 10 Jahren stand er als Solo-Pianist erstmals auf der B\u00fchne. Mit 16 erwachte die Liebe zu anderen Instrumenten &#8211; \u00fcber die Jahre brachte er sich E-Bass, Orgel, A-Gitarre, E-Gitarre und Percussion weitgehend autodidaktisch bei. Seine stimmlichen F\u00e4higkeiten entwickelte er gleichzeitig im <a href=\"https:\/\/www.chorverein-bad-hersfeld.de\/html\/der_festspielchor.html\" data-type=\"URL\" data-id=\"https:\/\/www.chorverein-bad-hersfeld.de\/html\/der_festspielchor.html\">Bad Hersfelder Festspielchor<\/a>. Das beste Training f\u00fcr Pauls F\u00e4higkeiten waren sicher die mehreren 100 Gigs und 12 Studioalben von <a href=\"http:\/\/www.shiregreen.de\" data-type=\"URL\" data-id=\"http:\/\/www.shiregreen.de\">Shiregreen<\/a> &#8211; seit der Gr\u00fcndung des national erfolgreichen Songwriter-Projekts im Jahr 2005 ist er mit von der Partie. Neben Shiregreen und From Home to Home steht Paul seit 2017 mit den Supporters, einer Essener Alternative-Band, auf den B\u00fchnen des Ruhrgebiets.<\/p>\n<\/div><figure class=\"wp-block-media-text__media\"><img loading=\"lazy\" decoding=\"async\" width=\"683\" height=\"1024\" src=\"http:\/\/frohotoho.de\/wp-content\/uploads\/2020\/08\/Paul-ROF-683x1024.png\" alt=\"\" class=\"wp-image-239 size-full\" srcset=\"https:\/\/frohotoho.de\/wp-content\/uploads\/2020\/08\/Paul-ROF-683x1024.png 683w, https:\/\/frohotoho.de\/wp-content\/uploads\/2020\/08\/Paul-ROF-200x300.png 200w, https:\/\/frohotoho.de\/wp-content\/uploads\/2020\/08\/Paul-ROF-768x1152.png 768w, https:\/\/frohotoho.de\/wp-content\/uploads\/2020\/08\/Paul-ROF-1365x2048.png 1365w, https:\/\/frohotoho.de\/wp-content\/uploads\/2020\/08\/Paul-ROF-740x1110.png 740w, https:\/\/frohotoho.de\/wp-content\/uploads\/2020\/08\/Paul-ROF-400x600.png 400w\" sizes=\"auto, (max-width: 683px) 100vw, 683px\" \/><\/figure><\/div>\n<\/div><\/div>\n<\/div><\/div>\n\n\n\n<p><\/p>\n","protected":false},"excerpt":{"rendered":"<p>Aufgewachsen im osthessischen Wildeck-H\u00f6nebach, entwickelte Marisa Lin\u00df bereits im Vorschulalter ihre Leidenschaft zum Singen. Innerhalb ihrer zehnj\u00e4hrigen Mitgliedschaft im Chor der Modell- und Gesamtschule Obersberg sammelte sie vielf\u00e4ltige B\u00fchnenerfahrung im Ensemble- und Sologesang, unter anderem bei den Abschlusskonzerten der Bad Hersfelder Festspiele in der dortigen Stiftsruine. Von 2011-2018 absolvierte Marisa ihre klassische Gesangsausbildung bei Diplom-Gesangsp\u00e4dagogin&hellip; <a class=\"more-link\" href=\"https:\/\/frohotoho.de\/?page_id=31\">Continue reading &rarr;<\/a><\/p>\n","protected":false},"author":1,"featured_media":0,"parent":0,"menu_order":0,"comment_status":"closed","ping_status":"closed","template":"","meta":{"footnotes":""},"class_list":["post-31","page","type-page","status-publish","hentry"],"yoast_head":"<!-- This site is optimized with the Yoast SEO plugin v27.5 - https:\/\/yoast.com\/product\/yoast-seo-wordpress\/ -->\n<title>Infos zu Ausbildung und Erfahrungen der Mitglieder von From Home to Home<\/title>\n<meta name=\"robots\" content=\"index, follow, max-snippet:-1, max-image-preview:large, max-video-preview:-1\" \/>\n<link rel=\"canonical\" href=\"https:\/\/frohotoho.de\/?page_id=31\" \/>\n<meta property=\"og:locale\" content=\"de_DE\" \/>\n<meta property=\"og:type\" content=\"article\" \/>\n<meta property=\"og:title\" content=\"Infos zu Ausbildung und Erfahrungen der Mitglieder von From Home to Home\" \/>\n<meta property=\"og:description\" content=\"Aufgewachsen im osthessischen Wildeck-H\u00f6nebach, entwickelte Marisa Lin\u00df bereits im Vorschulalter ihre Leidenschaft zum Singen. Innerhalb ihrer zehnj\u00e4hrigen Mitgliedschaft im Chor der Modell- und Gesamtschule Obersberg sammelte sie vielf\u00e4ltige B\u00fchnenerfahrung im Ensemble- und Sologesang, unter anderem bei den Abschlusskonzerten der Bad Hersfelder Festspiele in der dortigen Stiftsruine. Von 2011-2018 absolvierte Marisa ihre klassische Gesangsausbildung bei Diplom-Gesangsp\u00e4dagogin&hellip; Continue reading &rarr;\" \/>\n<meta property=\"og:url\" content=\"https:\/\/frohotoho.de\/?page_id=31\" \/>\n<meta property=\"og:site_name\" content=\"From Home to Home\" \/>\n<meta property=\"article:modified_time\" content=\"2024-12-02T09:42:20+00:00\" \/>\n<meta property=\"og:image\" content=\"https:\/\/frohotoho.de\/wp-content\/uploads\/2020\/08\/Marisa-ROF-683x1024.png\" \/>\n\t<meta property=\"og:image:width\" content=\"683\" \/>\n\t<meta property=\"og:image:height\" content=\"1024\" \/>\n\t<meta property=\"og:image:type\" content=\"image\/png\" \/>\n<meta name=\"twitter:card\" content=\"summary_large_image\" \/>\n<meta name=\"twitter:label1\" content=\"Gesch\u00e4tzte Lesezeit\" \/>\n\t<meta name=\"twitter:data1\" content=\"2\u00a0Minuten\" \/>\n<script type=\"application\/ld+json\" class=\"yoast-schema-graph\">{\"@context\":\"https:\\\/\\\/schema.org\",\"@graph\":[{\"@type\":\"WebPage\",\"@id\":\"https:\\\/\\\/frohotoho.de\\\/?page_id=31\",\"url\":\"https:\\\/\\\/frohotoho.de\\\/?page_id=31\",\"name\":\"Infos zu Ausbildung und Erfahrungen der Mitglieder von From Home to Home\",\"isPartOf\":{\"@id\":\"https:\\\/\\\/frohotoho.de\\\/#website\"},\"primaryImageOfPage\":{\"@id\":\"https:\\\/\\\/frohotoho.de\\\/?page_id=31#primaryimage\"},\"image\":{\"@id\":\"https:\\\/\\\/frohotoho.de\\\/?page_id=31#primaryimage\"},\"thumbnailUrl\":\"http:\\\/\\\/frohotoho.de\\\/wp-content\\\/uploads\\\/2020\\\/08\\\/Marisa-ROF-683x1024.png\",\"datePublished\":\"2020-08-03T11:01:14+00:00\",\"dateModified\":\"2024-12-02T09:42:20+00:00\",\"breadcrumb\":{\"@id\":\"https:\\\/\\\/frohotoho.de\\\/?page_id=31#breadcrumb\"},\"inLanguage\":\"de\",\"potentialAction\":[{\"@type\":\"ReadAction\",\"target\":[\"https:\\\/\\\/frohotoho.de\\\/?page_id=31\"]}]},{\"@type\":\"ImageObject\",\"inLanguage\":\"de\",\"@id\":\"https:\\\/\\\/frohotoho.de\\\/?page_id=31#primaryimage\",\"url\":\"http:\\\/\\\/frohotoho.de\\\/wp-content\\\/uploads\\\/2020\\\/08\\\/Marisa-ROF-683x1024.png\",\"contentUrl\":\"http:\\\/\\\/frohotoho.de\\\/wp-content\\\/uploads\\\/2020\\\/08\\\/Marisa-ROF-683x1024.png\"},{\"@type\":\"BreadcrumbList\",\"@id\":\"https:\\\/\\\/frohotoho.de\\\/?page_id=31#breadcrumb\",\"itemListElement\":[{\"@type\":\"ListItem\",\"position\":1,\"name\":\"Startseite\",\"item\":\"https:\\\/\\\/frohotoho.de\\\/\"},{\"@type\":\"ListItem\",\"position\":2,\"name\":\"Kennenlernen\"}]},{\"@type\":\"WebSite\",\"@id\":\"https:\\\/\\\/frohotoho.de\\\/#website\",\"url\":\"https:\\\/\\\/frohotoho.de\\\/\",\"name\":\"From Home to Home\",\"description\":\"Songwriter-Duo aus Essen - findet hier alles zu unserer Musik, \u00fcber uns und wie Ihr uns buchen k\u00f6nnt!\",\"potentialAction\":[{\"@type\":\"SearchAction\",\"target\":{\"@type\":\"EntryPoint\",\"urlTemplate\":\"https:\\\/\\\/frohotoho.de\\\/?s={search_term_string}\"},\"query-input\":{\"@type\":\"PropertyValueSpecification\",\"valueRequired\":true,\"valueName\":\"search_term_string\"}}],\"inLanguage\":\"de\"}]}<\/script>\n<!-- \/ Yoast SEO plugin. -->","yoast_head_json":{"title":"Infos zu Ausbildung und Erfahrungen der Mitglieder von From Home to Home","robots":{"index":"index","follow":"follow","max-snippet":"max-snippet:-1","max-image-preview":"max-image-preview:large","max-video-preview":"max-video-preview:-1"},"canonical":"https:\/\/frohotoho.de\/?page_id=31","og_locale":"de_DE","og_type":"article","og_title":"Infos zu Ausbildung und Erfahrungen der Mitglieder von From Home to Home","og_description":"Aufgewachsen im osthessischen Wildeck-H\u00f6nebach, entwickelte Marisa Lin\u00df bereits im Vorschulalter ihre Leidenschaft zum Singen. Innerhalb ihrer zehnj\u00e4hrigen Mitgliedschaft im Chor der Modell- und Gesamtschule Obersberg sammelte sie vielf\u00e4ltige B\u00fchnenerfahrung im Ensemble- und Sologesang, unter anderem bei den Abschlusskonzerten der Bad Hersfelder Festspiele in der dortigen Stiftsruine. Von 2011-2018 absolvierte Marisa ihre klassische Gesangsausbildung bei Diplom-Gesangsp\u00e4dagogin&hellip; Continue reading &rarr;","og_url":"https:\/\/frohotoho.de\/?page_id=31","og_site_name":"From Home to Home","article_modified_time":"2024-12-02T09:42:20+00:00","og_image":[{"width":683,"height":1024,"url":"https:\/\/frohotoho.de\/wp-content\/uploads\/2020\/08\/Marisa-ROF-683x1024.png","type":"image\/png"}],"twitter_card":"summary_large_image","twitter_misc":{"Gesch\u00e4tzte Lesezeit":"2\u00a0Minuten"},"schema":{"@context":"https:\/\/schema.org","@graph":[{"@type":"WebPage","@id":"https:\/\/frohotoho.de\/?page_id=31","url":"https:\/\/frohotoho.de\/?page_id=31","name":"Infos zu Ausbildung und Erfahrungen der Mitglieder von From Home to Home","isPartOf":{"@id":"https:\/\/frohotoho.de\/#website"},"primaryImageOfPage":{"@id":"https:\/\/frohotoho.de\/?page_id=31#primaryimage"},"image":{"@id":"https:\/\/frohotoho.de\/?page_id=31#primaryimage"},"thumbnailUrl":"http:\/\/frohotoho.de\/wp-content\/uploads\/2020\/08\/Marisa-ROF-683x1024.png","datePublished":"2020-08-03T11:01:14+00:00","dateModified":"2024-12-02T09:42:20+00:00","breadcrumb":{"@id":"https:\/\/frohotoho.de\/?page_id=31#breadcrumb"},"inLanguage":"de","potentialAction":[{"@type":"ReadAction","target":["https:\/\/frohotoho.de\/?page_id=31"]}]},{"@type":"ImageObject","inLanguage":"de","@id":"https:\/\/frohotoho.de\/?page_id=31#primaryimage","url":"http:\/\/frohotoho.de\/wp-content\/uploads\/2020\/08\/Marisa-ROF-683x1024.png","contentUrl":"http:\/\/frohotoho.de\/wp-content\/uploads\/2020\/08\/Marisa-ROF-683x1024.png"},{"@type":"BreadcrumbList","@id":"https:\/\/frohotoho.de\/?page_id=31#breadcrumb","itemListElement":[{"@type":"ListItem","position":1,"name":"Startseite","item":"https:\/\/frohotoho.de\/"},{"@type":"ListItem","position":2,"name":"Kennenlernen"}]},{"@type":"WebSite","@id":"https:\/\/frohotoho.de\/#website","url":"https:\/\/frohotoho.de\/","name":"From Home to Home","description":"Songwriter-Duo aus Essen - findet hier alles zu unserer Musik, \u00fcber uns und wie Ihr uns buchen k\u00f6nnt!","potentialAction":[{"@type":"SearchAction","target":{"@type":"EntryPoint","urlTemplate":"https:\/\/frohotoho.de\/?s={search_term_string}"},"query-input":{"@type":"PropertyValueSpecification","valueRequired":true,"valueName":"search_term_string"}}],"inLanguage":"de"}]}},"_links":{"self":[{"href":"https:\/\/frohotoho.de\/index.php?rest_route=\/wp\/v2\/pages\/31","targetHints":{"allow":["GET"]}}],"collection":[{"href":"https:\/\/frohotoho.de\/index.php?rest_route=\/wp\/v2\/pages"}],"about":[{"href":"https:\/\/frohotoho.de\/index.php?rest_route=\/wp\/v2\/types\/page"}],"author":[{"embeddable":true,"href":"https:\/\/frohotoho.de\/index.php?rest_route=\/wp\/v2\/users\/1"}],"replies":[{"embeddable":true,"href":"https:\/\/frohotoho.de\/index.php?rest_route=%2Fwp%2Fv2%2Fcomments&post=31"}],"version-history":[{"count":41,"href":"https:\/\/frohotoho.de\/index.php?rest_route=\/wp\/v2\/pages\/31\/revisions"}],"predecessor-version":[{"id":416,"href":"https:\/\/frohotoho.de\/index.php?rest_route=\/wp\/v2\/pages\/31\/revisions\/416"}],"wp:attachment":[{"href":"https:\/\/frohotoho.de\/index.php?rest_route=%2Fwp%2Fv2%2Fmedia&parent=31"}],"curies":[{"name":"wp","href":"https:\/\/api.w.org\/{rel}","templated":true}]}}